{"id":2713,"date":"2021-05-12T19:10:03","date_gmt":"2021-05-12T23:10:03","guid":{"rendered":"https:\/\/robertsonandcompany.com\/carrieres\/"},"modified":"2026-03-19T23:11:12","modified_gmt":"2026-03-20T03:11:12","slug":"carrieres","status":"publish","type":"page","link":"https:\/\/robertsonandcompany.com\/fr-ca\/carrieres\/","title":{"rendered":"Carri\u00e8res"},"content":{"rendered":"\t\t<div data-elementor-type=\"wp-page\" data-elementor-id=\"2713\" class=\"elementor elementor-2713 elementor-178\" data-elementor-post-type=\"page\">\n\t\t\t\t<div class=\"elementor-element elementor-element-0ea51e1 e-flex e-con-boxed e-con e-parent\" data-id=\"0ea51e1\" data-element_type=\"container\" data-e-type=\"container\" data-settings=\"{&quot;background_background&quot;:&quot;classic&quot;}\">\n\t\t\t\t\t<div class=\"e-con-inner\">\n\t\t<div class=\"elementor-element elementor-element-bfd88a2 e-con-full e-flex e-con e-child\" data-id=\"bfd88a2\" data-element_type=\"container\" data-e-type=\"container\">\n\t\t\t\t<div class=\"elementor-element elementor-element-aae0863 elementor-widget elementor-widget-heading\" data-id=\"aae0863\" data-element_type=\"widget\" data-e-type=\"widget\" data-widget_type=\"heading.default\">\n\t\t\t\t<div class=\"elementor-widget-container\">\n\t\t\t\t\t<h2 class=\"elementor-heading-title elementor-size-default\">Une culture de collaboration, de respect et de croissance<\/h2>\t\t\t\t<\/div>\n\t\t\t\t<\/div>\n\t\t\t\t<\/div>\n\t\t\t\t\t<\/div>\n\t\t\t\t<\/div>\n\t\t<div class=\"elementor-element elementor-element-0aa9c9c e-flex e-con-boxed e-con e-parent\" data-id=\"0aa9c9c\" data-element_type=\"container\" data-e-type=\"container\">\n\t\t\t\t\t<div class=\"e-con-inner\">\n\t\t\t\t<div class=\"elementor-element elementor-element-b5410ed elementor-widget elementor-widget-heading\" data-id=\"b5410ed\" data-element_type=\"widget\" data-e-type=\"widget\" data-widget_type=\"heading.default\">\n\t\t\t\t<div class=\"elementor-widget-container\">\n\t\t\t\t\t<h2 class=\"elementor-heading-title elementor-size-default\">Joignez-vous \u00e0 notre \u00e9quipe<\/h2>\t\t\t\t<\/div>\n\t\t\t\t<\/div>\n\t\t<div class=\"elementor-element elementor-element-74e3c25 e-con-full e-flex e-con e-child\" data-id=\"74e3c25\" data-element_type=\"container\" data-e-type=\"container\">\n\t\t<div class=\"elementor-element elementor-element-ae58c71 e-con-full e-flex e-con e-child\" data-id=\"ae58c71\" data-element_type=\"container\" data-e-type=\"container\">\n\t\t\t\t<div class=\"elementor-element elementor-element-2986106 elementor-widget elementor-widget-heading\" data-id=\"2986106\" data-element_type=\"widget\" data-e-type=\"widget\" data-widget_type=\"heading.default\">\n\t\t\t\t<div class=\"elementor-widget-container\">\n\t\t\t\t\t<h2 class=\"elementor-heading-title elementor-size-default\">Nous recherchons des professionnels du recrutement brillants et ambitieux, anim\u00e9s d\u2019un esprit entrepreneurial, pour se joindre \u00e0 notre \u00e9quipe en pleine croissance.<\/h2>\t\t\t\t<\/div>\n\t\t\t\t<\/div>\n\t\t\t\t<\/div>\n\t\t<div class=\"elementor-element elementor-element-e28f94f e-con-full e-flex e-con e-child\" data-id=\"e28f94f\" data-element_type=\"container\" data-e-type=\"container\">\n\t\t\t\t<div class=\"elementor-element elementor-element-2bd170e elementor-widget elementor-widget-text-editor\" data-id=\"2bd170e\" data-element_type=\"widget\" data-e-type=\"widget\" data-widget_type=\"text-editor.default\">\n\t\t\t\t<div class=\"elementor-widget-container\">\n\t\t\t\t\t\t\t\t\t<p>Nous recherchons des professionnels du recrutement brillants et ambitieux, anim\u00e9s d\u2019un esprit entrepreneurial, pour se joindre \u00e0 notre \u00e9quipe en pleine croissance.<\/p><p>Depuis plus de 25 ans, Robertson offre de fa\u00e7on constante les meilleurs talents \u00e0 ses clients, avec un engagement sans compromis envers l\u2019excellence. Notre \u00e9quipe passionn\u00e9e et innovante travaille partout en Am\u00e9rique du Nord et en Europe afin de concevoir des solutions sur mesure qui procurent \u00e0 nos clients un avantage concurrentiel. Que vous soyez un professionnel du recrutement exp\u00e9riment\u00e9 souhaitant passer \u00e0 l\u2019\u00e9tape suivante ou trouver un milieu o\u00f9 vous \u00e9panouir, un v\u00e9t\u00e9ran de l\u2019industrie d\u00e9sireux d\u2019explorer une nouvelle voie, ou une personne \u00e0 la recherche d\u2019un poste de niveau d\u00e9butant, nous aimerions faire votre connaissance. <\/p><p>Que vous soyez un professionnel du recrutement exp\u00e9riment\u00e9 souhaitant passer \u00e0 l\u2019\u00e9tape suivante ou trouver un milieu o\u00f9 vous \u00e9panouir, un v\u00e9t\u00e9ran de l\u2019industrie d\u00e9sireux d\u2019explorer une nouvelle voie, ou une personne \u00e0 la recherche d\u2019un poste de niveau d\u00e9butant, nous aimerions faire votre connaissance.<\/p><p>Vous souhaitez avoir un impact aupr\u00e8s de certaines des plus grandes institutions financi\u00e8res, entreprises et organisations du secteur public au monde? Joignez-vous \u00e0 l\u2019\u00e9quipe Robertson. <\/p>\t\t\t\t\t\t\t\t<\/div>\n\t\t\t\t<\/div>\n\t\t\t\t<\/div>\n\t\t\t\t<\/div>\n\t\t\t\t\t<\/div>\n\t\t\t\t<\/div>\n\t\t\t\t<section class=\"elementor-section elementor-top-section elementor-element elementor-element-d8a73aa elementor-section-height-min-height elementor-section-boxed elementor-section-height-default elementor-section-items-middle\" data-id=\"d8a73aa\" data-element_type=\"section\" data-e-type=\"section\" data-settings=\"{&quot;background_background&quot;:&quot;classic&quot;}\">\n\t\t\t\t\t\t\t<div class=\"elementor-background-overlay\"><\/div>\n\t\t\t\t\t\t\t<div class=\"elementor-container elementor-column-gap-default\">\n\t\t\t\t\t<div class=\"elementor-column elementor-col-100 elementor-top-column elementor-element elementor-element-cedf4dd\" data-id=\"cedf4dd\" data-element_type=\"column\" data-e-type=\"column\">\n\t\t\t<div class=\"elementor-widget-wrap\">\n\t\t\t\t\t\t\t<\/div>\n\t\t<\/div>\n\t\t\t\t\t<\/div>\n\t\t<\/section>\n\t\t<div class=\"elementor-element elementor-element-ca4c5d0 e-flex e-con-boxed e-con e-parent\" data-id=\"ca4c5d0\" data-element_type=\"container\" data-e-type=\"container\">\n\t\t\t\t\t<div class=\"e-con-inner\">\n\t\t<div class=\"elementor-element elementor-element-7721ba0 e-con-full e-flex e-con e-child\" data-id=\"7721ba0\" data-element_type=\"container\" data-e-type=\"container\">\n\t\t<div class=\"elementor-element elementor-element-ff9ff6d e-con-full e-flex e-con e-child\" data-id=\"ff9ff6d\" data-element_type=\"container\" data-e-type=\"container\">\n\t\t\t\t<div class=\"elementor-element elementor-element-e508862 elementor-widget elementor-widget-heading\" data-id=\"e508862\" data-element_type=\"widget\" data-e-type=\"widget\" data-widget_type=\"heading.default\">\n\t\t\t\t<div class=\"elementor-widget-container\">\n\t\t\t\t\t<h2 class=\"elementor-heading-title elementor-size-default\">Ce que nous offrons<\/h2>\t\t\t\t<\/div>\n\t\t\t\t<\/div>\n\t\t\t\t<div class=\"elementor-element elementor-element-081040e elementor-widget elementor-widget-text-editor\" data-id=\"081040e\" data-element_type=\"widget\" data-e-type=\"widget\" data-widget_type=\"text-editor.default\">\n\t\t\t\t<div class=\"elementor-widget-container\">\n\t\t\t\t\t\t\t\t\t<p>Un excellent r\u00e9gime de r\u00e9mun\u00e9ration avec un potentiel illimit\u00e9<br>Des avantages sociaux et des vacances enti\u00e8rement pay\u00e9s par l\u2019employeur<br>Un parcours de carri\u00e8re avec des possibilit\u00e9s d\u2019avancement adapt\u00e9es \u00e0 vos objectifs<br>Des programmes de formation approfondis et du d\u00e9veloppement des comp\u00e9tences<\/p>\t\t\t\t\t\t\t\t<\/div>\n\t\t\t\t<\/div>\n\t\t\t\t<\/div>\n\t\t<div class=\"elementor-element elementor-element-1822a5a e-con-full e-flex e-con e-child\" data-id=\"1822a5a\" data-element_type=\"container\" data-e-type=\"container\">\n\t\t\t\t<div class=\"elementor-element elementor-element-cde3ab8 elementor-widget elementor-widget-heading\" data-id=\"cde3ab8\" data-element_type=\"widget\" data-e-type=\"widget\" data-widget_type=\"heading.default\">\n\t\t\t\t<div class=\"elementor-widget-container\">\n\t\t\t\t\t<h2 class=\"elementor-heading-title elementor-size-default\">Ce que vous apportez<\/h2>\t\t\t\t<\/div>\n\t\t\t\t<\/div>\n\t\t\t\t<div class=\"elementor-element elementor-element-7a2f96b elementor-widget elementor-widget-text-editor\" data-id=\"7a2f96b\" data-element_type=\"widget\" data-e-type=\"widget\" data-widget_type=\"text-editor.default\">\n\t\t\t\t<div class=\"elementor-widget-container\">\n\t\t\t\t\t\t\t\t\t<p>Un esprit entrepreneurial, un egagement envers l\u2019excellence et une forte motivation \u00e0 r\u00e9ussir<br>Une passion pour le rep\u00e9rage de talents de premier plan<br>Un engagement \u00e0 b\u00e2tir des relations durables fond\u00e9es sur la confiance<\/p>\t\t\t\t\t\t\t\t<\/div>\n\t\t\t\t<\/div>\n\t\t\t\t<\/div>\n\t\t\t\t<\/div>\n\t\t\t\t\t<\/div>\n\t\t\t\t<\/div>\n\t\t\t\t<\/div>\n\t\t","protected":false},"excerpt":{"rendered":"<p>Une culture de collaboration, de respect et de croissance Joignez-vous \u00e0 notre \u00e9quipe Nous recherchons des professionnels du recrutement brillants et ambitieux, anim\u00e9s d\u2019un esprit entrepreneurial, pour se joindre \u00e0 notre \u00e9quipe en pleine croissance. Nous recherchons des professionnels du recrutement brillants et ambitieux, anim\u00e9s d\u2019un esprit entrepreneurial, pour se joindre \u00e0 notre \u00e9quipe en [&hellip;]<\/p>\n","protected":false},"author":1,"featured_media":0,"parent":0,"menu_order":0,"comment_status":"closed","ping_status":"closed","template":"elementor_header_footer","meta":{"_acf_changed":false,"footnotes":""},"class_list":["post-2713","page","type-page","status-publish","hentry"],"acf":[],"yoast_head":"<!-- This site is optimized with the Yoast SEO plugin v27.4 - https:\/\/yoast.com\/product\/yoast-seo-wordpress\/ -->\n<title>Carri\u00e8res - Robertson and Company<\/title>\n<meta name=\"description\" content=\"Nous recherchons des professionnels du recrutement brillants et ambitieux, anim\u00e9s d\u2019un esprit entrepreneurial, pour se joindre \u00e0 notre \u00e9quipe en pleine croissance. Depuis plus de 25 ans, Robertson offre de fa\u00e7on constante les meilleurs talents \u00e0 ses clients, avec un engagement sans compromis envers l\u2019excellence. Notre \u00e9quipe passionn\u00e9e et innovante travaille partout en Am\u00e9rique du Nord et en Europe afin de concevoir des solutions sur mesure qui procurent \u00e0 nos clients un avantage concurrentiel. Que vous soyez un professionnel du recrutement exp\u00e9riment\u00e9 souhaitant passer \u00e0 l\u2019\u00e9tape suivante ou trouver un milieu o\u00f9 vous \u00e9panouir, un v\u00e9t\u00e9ran de l\u2019industrie d\u00e9sireux d\u2019explorer une nouvelle voie, ou une personne \u00e0 la recherche d\u2019un poste de niveau d\u00e9butant, nous aimerions faire votre connaissance.\" \/>\n<meta name=\"robots\" content=\"index, follow, max-snippet:-1, max-image-preview:large, max-video-preview:-1\" \/>\n<link rel=\"canonical\" href=\"https:\/\/robertsonandcompany.com\/fr-ca\/carrieres\/\" \/>\n<meta property=\"og:locale\" content=\"fr_CA\" \/>\n<meta property=\"og:type\" content=\"article\" \/>\n<meta property=\"og:title\" content=\"Carri\u00e8res - Robertson and Company\" \/>\n<meta property=\"og:description\" content=\"Nous recherchons des professionnels du recrutement brillants et ambitieux, anim\u00e9s d\u2019un esprit entrepreneurial, pour se joindre \u00e0 notre \u00e9quipe en pleine croissance. Depuis plus de 25 ans, Robertson offre de fa\u00e7on constante les meilleurs talents \u00e0 ses clients, avec un engagement sans compromis envers l\u2019excellence. Notre \u00e9quipe passionn\u00e9e et innovante travaille partout en Am\u00e9rique du Nord et en Europe afin de concevoir des solutions sur mesure qui procurent \u00e0 nos clients un avantage concurrentiel. Que vous soyez un professionnel du recrutement exp\u00e9riment\u00e9 souhaitant passer \u00e0 l\u2019\u00e9tape suivante ou trouver un milieu o\u00f9 vous \u00e9panouir, un v\u00e9t\u00e9ran de l\u2019industrie d\u00e9sireux d\u2019explorer une nouvelle voie, ou une personne \u00e0 la recherche d\u2019un poste de niveau d\u00e9butant, nous aimerions faire votre connaissance.\" \/>\n<meta property=\"og:url\" content=\"https:\/\/robertsonandcompany.com\/fr-ca\/carrieres\/\" \/>\n<meta property=\"og:site_name\" content=\"Robertson and Company\" \/>\n<meta property=\"article:publisher\" content=\"https:\/\/www.facebook.com\/robertsonandcompany\" \/>\n<meta property=\"article:modified_time\" content=\"2026-03-20T03:11:12+00:00\" \/>\n<meta name=\"twitter:card\" content=\"summary_large_image\" \/>\n<meta name=\"twitter:label1\" content=\"Estimation du temps de lecture\" \/>\n\t<meta name=\"twitter:data1\" content=\"2 minutes\" \/>\n<script type=\"application\/ld+json\" class=\"yoast-schema-graph\">{\"@context\":\"https:\\\/\\\/schema.org\",\"@graph\":[{\"@type\":\"WebPage\",\"@id\":\"https:\\\/\\\/robertsonandcompany.com\\\/fr-ca\\\/carrieres\\\/\",\"url\":\"https:\\\/\\\/robertsonandcompany.com\\\/fr-ca\\\/carrieres\\\/\",\"name\":\"Carri\u00e8res - Robertson and Company\",\"isPartOf\":{\"@id\":\"https:\\\/\\\/robertsonandcompany.com\\\/fr-ca\\\/#website\"},\"datePublished\":\"2021-05-12T23:10:03+00:00\",\"dateModified\":\"2026-03-20T03:11:12+00:00\",\"description\":\"Nous recherchons des professionnels du recrutement brillants et ambitieux, anim\u00e9s d\u2019un esprit entrepreneurial, pour se joindre \u00e0 notre \u00e9quipe en pleine croissance. Depuis plus de 25 ans, Robertson offre de fa\u00e7on constante les meilleurs talents \u00e0 ses clients, avec un engagement sans compromis envers l\u2019excellence. Notre \u00e9quipe passionn\u00e9e et innovante travaille partout en Am\u00e9rique du Nord et en Europe afin de concevoir des solutions sur mesure qui procurent \u00e0 nos clients un avantage concurrentiel. Que vous soyez un professionnel du recrutement exp\u00e9riment\u00e9 souhaitant passer \u00e0 l\u2019\u00e9tape suivante ou trouver un milieu o\u00f9 vous \u00e9panouir, un v\u00e9t\u00e9ran de l\u2019industrie d\u00e9sireux d\u2019explorer une nouvelle voie, ou une personne \u00e0 la recherche d\u2019un poste de niveau d\u00e9butant, nous aimerions faire votre connaissance.\",\"breadcrumb\":{\"@id\":\"https:\\\/\\\/robertsonandcompany.com\\\/fr-ca\\\/carrieres\\\/#breadcrumb\"},\"inLanguage\":\"fr-CA\",\"potentialAction\":[{\"@type\":\"ReadAction\",\"target\":[\"https:\\\/\\\/robertsonandcompany.com\\\/fr-ca\\\/carrieres\\\/\"]}]},{\"@type\":\"BreadcrumbList\",\"@id\":\"https:\\\/\\\/robertsonandcompany.com\\\/fr-ca\\\/carrieres\\\/#breadcrumb\",\"itemListElement\":[{\"@type\":\"ListItem\",\"position\":1,\"name\":\"Home\",\"item\":\"https:\\\/\\\/robertsonandcompany.com\\\/fr-ca\\\/\"},{\"@type\":\"ListItem\",\"position\":2,\"name\":\"Carri\u00e8res\"}]},{\"@type\":\"WebSite\",\"@id\":\"https:\\\/\\\/robertsonandcompany.com\\\/fr-ca\\\/#website\",\"url\":\"https:\\\/\\\/robertsonandcompany.com\\\/fr-ca\\\/\",\"name\":\"Robertson and Company\",\"description\":\"Partners in Strategic Talent\",\"publisher\":{\"@id\":\"https:\\\/\\\/robertsonandcompany.com\\\/fr-ca\\\/#organization\"},\"potentialAction\":[{\"@type\":\"SearchAction\",\"target\":{\"@type\":\"EntryPoint\",\"urlTemplate\":\"https:\\\/\\\/robertsonandcompany.com\\\/fr-ca\\\/?s={search_term_string}\"},\"query-input\":{\"@type\":\"PropertyValueSpecification\",\"valueRequired\":true,\"valueName\":\"search_term_string\"}}],\"inLanguage\":\"fr-CA\"},{\"@type\":\"Organization\",\"@id\":\"https:\\\/\\\/robertsonandcompany.com\\\/fr-ca\\\/#organization\",\"name\":\"Robertson and Company\",\"url\":\"https:\\\/\\\/robertsonandcompany.com\\\/fr-ca\\\/\",\"logo\":{\"@type\":\"ImageObject\",\"inLanguage\":\"fr-CA\",\"@id\":\"https:\\\/\\\/robertsonandcompany.com\\\/fr-ca\\\/#\\\/schema\\\/logo\\\/image\\\/\",\"url\":\"http:\\\/\\\/robertson.quarterdev.ca\\\/wp-content\\\/uploads\\\/2021\\\/05\\\/robertson-logo-email-signature-copy.png\",\"contentUrl\":\"http:\\\/\\\/robertson.quarterdev.ca\\\/wp-content\\\/uploads\\\/2021\\\/05\\\/robertson-logo-email-signature-copy.png\",\"width\":887,\"height\":250,\"caption\":\"Robertson and Company\"},\"image\":{\"@id\":\"https:\\\/\\\/robertsonandcompany.com\\\/fr-ca\\\/#\\\/schema\\\/logo\\\/image\\\/\"},\"sameAs\":[\"https:\\\/\\\/www.facebook.com\\\/robertsonandcompany\",\"https:\\\/\\\/www.linkedin.com\\\/company\\\/robertson-&amp;-company-ltd-\\\/\"]}]}<\/script>\n<!-- \/ Yoast SEO plugin. -->","yoast_head_json":{"title":"Carri\u00e8res - Robertson and Company","description":"Nous recherchons des professionnels du recrutement brillants et ambitieux, anim\u00e9s d\u2019un esprit entrepreneurial, pour se joindre \u00e0 notre \u00e9quipe en pleine croissance. Depuis plus de 25 ans, Robertson offre de fa\u00e7on constante les meilleurs talents \u00e0 ses clients, avec un engagement sans compromis envers l\u2019excellence. Notre \u00e9quipe passionn\u00e9e et innovante travaille partout en Am\u00e9rique du Nord et en Europe afin de concevoir des solutions sur mesure qui procurent \u00e0 nos clients un avantage concurrentiel. Que vous soyez un professionnel du recrutement exp\u00e9riment\u00e9 souhaitant passer \u00e0 l\u2019\u00e9tape suivante ou trouver un milieu o\u00f9 vous \u00e9panouir, un v\u00e9t\u00e9ran de l\u2019industrie d\u00e9sireux d\u2019explorer une nouvelle voie, ou une personne \u00e0 la recherche d\u2019un poste de niveau d\u00e9butant, nous aimerions faire votre connaissance.","robots":{"index":"index","follow":"follow","max-snippet":"max-snippet:-1","max-image-preview":"max-image-preview:large","max-video-preview":"max-video-preview:-1"},"canonical":"https:\/\/robertsonandcompany.com\/fr-ca\/carrieres\/","og_locale":"fr_CA","og_type":"article","og_title":"Carri\u00e8res - Robertson and Company","og_description":"Nous recherchons des professionnels du recrutement brillants et ambitieux, anim\u00e9s d\u2019un esprit entrepreneurial, pour se joindre \u00e0 notre \u00e9quipe en pleine croissance. Depuis plus de 25 ans, Robertson offre de fa\u00e7on constante les meilleurs talents \u00e0 ses clients, avec un engagement sans compromis envers l\u2019excellence. Notre \u00e9quipe passionn\u00e9e et innovante travaille partout en Am\u00e9rique du Nord et en Europe afin de concevoir des solutions sur mesure qui procurent \u00e0 nos clients un avantage concurrentiel. Que vous soyez un professionnel du recrutement exp\u00e9riment\u00e9 souhaitant passer \u00e0 l\u2019\u00e9tape suivante ou trouver un milieu o\u00f9 vous \u00e9panouir, un v\u00e9t\u00e9ran de l\u2019industrie d\u00e9sireux d\u2019explorer une nouvelle voie, ou une personne \u00e0 la recherche d\u2019un poste de niveau d\u00e9butant, nous aimerions faire votre connaissance.","og_url":"https:\/\/robertsonandcompany.com\/fr-ca\/carrieres\/","og_site_name":"Robertson and Company","article_publisher":"https:\/\/www.facebook.com\/robertsonandcompany","article_modified_time":"2026-03-20T03:11:12+00:00","twitter_card":"summary_large_image","twitter_misc":{"Estimation du temps de lecture":"2 minutes"},"schema":{"@context":"https:\/\/schema.org","@graph":[{"@type":"WebPage","@id":"https:\/\/robertsonandcompany.com\/fr-ca\/carrieres\/","url":"https:\/\/robertsonandcompany.com\/fr-ca\/carrieres\/","name":"Carri\u00e8res - Robertson and Company","isPartOf":{"@id":"https:\/\/robertsonandcompany.com\/fr-ca\/#website"},"datePublished":"2021-05-12T23:10:03+00:00","dateModified":"2026-03-20T03:11:12+00:00","description":"Nous recherchons des professionnels du recrutement brillants et ambitieux, anim\u00e9s d\u2019un esprit entrepreneurial, pour se joindre \u00e0 notre \u00e9quipe en pleine croissance. Depuis plus de 25 ans, Robertson offre de fa\u00e7on constante les meilleurs talents \u00e0 ses clients, avec un engagement sans compromis envers l\u2019excellence. Notre \u00e9quipe passionn\u00e9e et innovante travaille partout en Am\u00e9rique du Nord et en Europe afin de concevoir des solutions sur mesure qui procurent \u00e0 nos clients un avantage concurrentiel. Que vous soyez un professionnel du recrutement exp\u00e9riment\u00e9 souhaitant passer \u00e0 l\u2019\u00e9tape suivante ou trouver un milieu o\u00f9 vous \u00e9panouir, un v\u00e9t\u00e9ran de l\u2019industrie d\u00e9sireux d\u2019explorer une nouvelle voie, ou une personne \u00e0 la recherche d\u2019un poste de niveau d\u00e9butant, nous aimerions faire votre connaissance.","breadcrumb":{"@id":"https:\/\/robertsonandcompany.com\/fr-ca\/carrieres\/#breadcrumb"},"inLanguage":"fr-CA","potentialAction":[{"@type":"ReadAction","target":["https:\/\/robertsonandcompany.com\/fr-ca\/carrieres\/"]}]},{"@type":"BreadcrumbList","@id":"https:\/\/robertsonandcompany.com\/fr-ca\/carrieres\/#breadcrumb","itemListElement":[{"@type":"ListItem","position":1,"name":"Home","item":"https:\/\/robertsonandcompany.com\/fr-ca\/"},{"@type":"ListItem","position":2,"name":"Carri\u00e8res"}]},{"@type":"WebSite","@id":"https:\/\/robertsonandcompany.com\/fr-ca\/#website","url":"https:\/\/robertsonandcompany.com\/fr-ca\/","name":"Robertson and Company","description":"Partners in Strategic Talent","publisher":{"@id":"https:\/\/robertsonandcompany.com\/fr-ca\/#organization"},"potentialAction":[{"@type":"SearchAction","target":{"@type":"EntryPoint","urlTemplate":"https:\/\/robertsonandcompany.com\/fr-ca\/?s={search_term_string}"},"query-input":{"@type":"PropertyValueSpecification","valueRequired":true,"valueName":"search_term_string"}}],"inLanguage":"fr-CA"},{"@type":"Organization","@id":"https:\/\/robertsonandcompany.com\/fr-ca\/#organization","name":"Robertson and Company","url":"https:\/\/robertsonandcompany.com\/fr-ca\/","logo":{"@type":"ImageObject","inLanguage":"fr-CA","@id":"https:\/\/robertsonandcompany.com\/fr-ca\/#\/schema\/logo\/image\/","url":"http:\/\/robertson.quarterdev.ca\/wp-content\/uploads\/2021\/05\/robertson-logo-email-signature-copy.png","contentUrl":"http:\/\/robertson.quarterdev.ca\/wp-content\/uploads\/2021\/05\/robertson-logo-email-signature-copy.png","width":887,"height":250,"caption":"Robertson and Company"},"image":{"@id":"https:\/\/robertsonandcompany.com\/fr-ca\/#\/schema\/logo\/image\/"},"sameAs":["https:\/\/www.facebook.com\/robertsonandcompany","https:\/\/www.linkedin.com\/company\/robertson-&amp;-company-ltd-\/"]}]}},"_links":{"self":[{"href":"https:\/\/robertsonandcompany.com\/fr-ca\/wp-json\/wp\/v2\/pages\/2713","targetHints":{"allow":["GET"]}}],"collection":[{"href":"https:\/\/robertsonandcompany.com\/fr-ca\/wp-json\/wp\/v2\/pages"}],"about":[{"href":"https:\/\/robertsonandcompany.com\/fr-ca\/wp-json\/wp\/v2\/types\/page"}],"author":[{"embeddable":true,"href":"https:\/\/robertsonandcompany.com\/fr-ca\/wp-json\/wp\/v2\/users\/1"}],"replies":[{"embeddable":true,"href":"https:\/\/robertsonandcompany.com\/fr-ca\/wp-json\/wp\/v2\/comments?post=2713"}],"version-history":[{"count":2,"href":"https:\/\/robertsonandcompany.com\/fr-ca\/wp-json\/wp\/v2\/pages\/2713\/revisions"}],"predecessor-version":[{"id":3022,"href":"https:\/\/robertsonandcompany.com\/fr-ca\/wp-json\/wp\/v2\/pages\/2713\/revisions\/3022"}],"wp:attachment":[{"href":"https:\/\/robertsonandcompany.com\/fr-ca\/wp-json\/wp\/v2\/media?parent=2713"}],"curies":[{"name":"wp","href":"https:\/\/api.w.org\/{rel}","templated":true}]}}